{"id":2089,"date":"2023-02-17T09:27:38","date_gmt":"2023-02-17T09:27:38","guid":{"rendered":"https:\/\/themecrafter.com\/doctent\/?page_id=2089"},"modified":"2024-05-13T20:11:28","modified_gmt":"2024-05-13T18:11:28","slug":"rolam","status":"publish","type":"page","link":"https:\/\/fulorrgegeszeteger.hu\/?page_id=2089","title":{"rendered":"R\u00f3lam"},"content":{"rendered":"\t\t<div data-elementor-type=\"wp-page\" data-elementor-id=\"2089\" class=\"elementor elementor-2089\">\n\t\t\t\t\t\t<section class=\"elementor-section elementor-top-section elementor-element elementor-element-748a9057 elementor-section-boxed elementor-section-height-default elementor-section-height-default tcr-bg-color-transparent\" data-id=\"748a9057\" data-element_type=\"section\" data-e-type=\"section\">\n\t\t\t\t\t\t<div class=\"elementor-container elementor-column-gap-default\">\n\t\t\t\t\t<div class=\"elementor-column elementor-col-50 elementor-top-column elementor-element elementor-element-207b3f9 tcr-bg-color-transparent\" data-id=\"207b3f9\" data-element_type=\"column\" data-e-type=\"column\">\n\t\t\t<div class=\"elementor-widget-wrap elementor-element-populated\">\n\t\t\t\t\t\t<div class=\"elementor-element elementor-element-33b16ac3 elementor-widget elementor-widget-image\" data-id=\"33b16ac3\" data-element_type=\"widget\" data-e-type=\"widget\" data-widget_type=\"image.default\">\n\t\t\t\t<div class=\"elementor-widget-container\">\n\t\t\t\t\t\t\t\t\t\t\t\t\t\t\t<img decoding=\"async\" src=\"https:\/\/fulorrgegeszeteger.hu\/wp-content\/uploads\/elementor\/thumbs\/services-img03-qlckplggle4f93fpjc9ppdt1lq9tfqs4g87ecojm3g.png\" title=\"services-img03\" alt=\"services\" loading=\"lazy\" \/>\t\t\t\t\t\t\t\t\t\t\t\t\t\t\t<\/div>\n\t\t\t\t<\/div>\n\t\t\t\t\t<\/div>\n\t\t<\/div>\n\t\t\t\t<div class=\"elementor-column elementor-col-50 elementor-top-column elementor-element elementor-element-3e1957b2 tcr-bg-color-transparent\" data-id=\"3e1957b2\" data-element_type=\"column\" data-e-type=\"column\">\n\t\t\t<div class=\"elementor-widget-wrap elementor-element-populated\">\n\t\t\t\t\t\t<div class=\"elementor-element elementor-element-7c5500b5 elementor-widget elementor-widget-tcr-custom-heading\" data-id=\"7c5500b5\" data-element_type=\"widget\" data-e-type=\"widget\" data-widget_type=\"tcr-custom-heading.default\">\n\t\t\t\t<div class=\"elementor-widget-container\">\n\t\t\t\t\t\t\t<div class=\"tcr_custom_heading_wrapper tcr-custom-heading86620540 custom-heading-style-1 heading-alignment-left\">\r\n\t\t\t<div class=\"tcr-custom-heading-wrapper\">\r\n\t\t\t<div class=\"tcr-heading-subtitle-wrapper\">\r\n\t\t\t<h3 class=\"heading-subtitle subtitle-text-uppercase\">\r\n\t\t\t\tR\u00f3lam\t\t\t<\/h3>\r\n\t\t<\/div>\r\n\t\t\t\t<div class=\"tcr-heading-title-wrapper\">\r\n\t\t\t<h3 class=\"heading-title title-text-default\">\r\n\t\t\t\tDr. Szab\u00f3 Zsuzsanna\t\t\t<\/h3>\r\n\t\t<\/div>\r\n\t\t\t\t<div class=\"tcr-heading-content\">Dr. Szab\u00f3 Zsuzsanna f\u00fcl-orr-g\u00e9g\u00e9sz szakorvos vagyok, az Oto-Gyne Med Bt. \u00fcgyvezet\u0151je. Egerben tal\u00e1lhat\u00f3 f\u00fcl-orr-g\u00e9g\u00e9szeti mag\u00e1nrendel\u0151mben v\u00e1rom pacienseimet.<\/div>\r\n\t\t<\/div>\r\n\t\t<\/div>\r\n\t\t\t\t\t\t<\/div>\n\t\t\t\t<\/div>\n\t\t\t\t<section class=\"elementor-section elementor-inner-section elementor-element elementor-element-7f4ad8b7 elementor-section-boxed elementor-section-height-default elementor-section-height-default tcr-bg-color-transparent\" data-id=\"7f4ad8b7\" data-element_type=\"section\" data-e-type=\"section\">\n\t\t\t\t\t\t<div class=\"elementor-container elementor-column-gap-default\">\n\t\t\t\t\t<div class=\"elementor-column elementor-col-100 elementor-inner-column elementor-element elementor-element-46e55611 tcr-bg-color-transparent\" data-id=\"46e55611\" data-element_type=\"column\" data-e-type=\"column\">\n\t\t\t<div class=\"elementor-widget-wrap elementor-element-populated\">\n\t\t\t\t\t\t<div class=\"elementor-element elementor-element-5b4eee03 elementor-widget elementor-widget-tcr-infobox\" data-id=\"5b4eee03\" data-element_type=\"widget\" data-e-type=\"widget\" data-widget_type=\"tcr-infobox.default\">\n\t\t\t\t<div class=\"elementor-widget-container\">\n\t\t\t\t\t\t\t<div class=\"tcr-elementor-widgettcr_infobox_wrapper infobox-style-1 tcr-infobox1281016635 icon-type-font\">\r\n\t\t\t<div class=\"tcr-infobox-wrapper\">\r\n\t<div class=\"tcr-infobox--content\">\r\n\t\t\t\t\t\t<div class=\"tcr-infobox-icon\"><svg aria-hidden=\"true\" class=\"e-font-icon-svg e-far-check-circle\" viewBox=\"0 0 512 512\" xmlns=\"http:\/\/www.w3.org\/2000\/svg\"><path d=\"M256 8C119.033 8 8 119.033 8 256s111.033 248 248 248 248-111.033 248-248S392.967 8 256 8zm0 48c110.532 0 200 89.451 200 200 0 110.532-89.451 200-200 200-110.532 0-200-89.451-200-200 0-110.532 89.451-200 200-200m140.204 130.267l-22.536-22.718c-4.667-4.705-12.265-4.736-16.97-.068L215.346 303.697l-59.792-60.277c-4.667-4.705-12.265-4.736-16.97-.069l-22.719 22.536c-4.705 4.667-4.736 12.265-.068 16.971l90.781 91.516c4.667 4.705 12.265 4.736 16.97.068l172.589-171.204c4.704-4.668 4.734-12.266.067-16.971z\"><\/path><\/svg><\/div>\r\n\t\t\t\t\t\t\t<h6 class=\"tcr-infobox-title\">Tanulm\u00e1nyaim<\/h6>\r\n\t\t\t\t<\/div>\r\n\t\t\t<div class=\"tcr-infobox-text\">1982-ben v\u00e9geztem a Debreceni Orvostudom\u00e1nyi Egyetem \u00c1ltal\u00e1nos Orvosi Kar\u00e1n.\n1986-ban tettem szakvizsg\u00e1t f\u00fcl-orr-g\u00e9gegy\u00f3gy\u00e1szatb\u00f3l, 2000-ben audiol\u00f3gi\u00e1b\u00f3l r\u00e1\u00e9pitett szakvizsg\u00e1t szereztem. <\/div>\r\n\t\t\t<div class=\"tcr-infobox-bottom d-flex\">\r\n\t\t\t<\/div>\r\n<\/div>\r\n\t\t<\/div>\r\n\t\t\t\t\t\t<\/div>\n\t\t\t\t<\/div>\n\t\t\t\t<div class=\"elementor-element elementor-element-41a704dd elementor-widget elementor-widget-tcr-infobox\" data-id=\"41a704dd\" data-element_type=\"widget\" data-e-type=\"widget\" data-widget_type=\"tcr-infobox.default\">\n\t\t\t\t<div class=\"elementor-widget-container\">\n\t\t\t\t\t\t\t<div class=\"tcr-elementor-widgettcr_infobox_wrapper infobox-style-1 tcr-infobox1687983762 icon-type-font\">\r\n\t\t\t<div class=\"tcr-infobox-wrapper\">\r\n\t<div class=\"tcr-infobox--content\">\r\n\t\t\t\t\t\t<div class=\"tcr-infobox-icon\"><svg aria-hidden=\"true\" class=\"e-font-icon-svg e-far-check-circle\" viewBox=\"0 0 512 512\" xmlns=\"http:\/\/www.w3.org\/2000\/svg\"><path d=\"M256 8C119.033 8 8 119.033 8 256s111.033 248 248 248 248-111.033 248-248S392.967 8 256 8zm0 48c110.532 0 200 89.451 200 200 0 110.532-89.451 200-200 200-110.532 0-200-89.451-200-200 0-110.532 89.451-200 200-200m140.204 130.267l-22.536-22.718c-4.667-4.705-12.265-4.736-16.97-.068L215.346 303.697l-59.792-60.277c-4.667-4.705-12.265-4.736-16.97-.069l-22.719 22.536c-4.705 4.667-4.736 12.265-.068 16.971l90.781 91.516c4.667 4.705 12.265 4.736 16.97.068l172.589-171.204c4.704-4.668 4.734-12.266.067-16.971z\"><\/path><\/svg><\/div>\r\n\t\t\t\t\t\t\t<h6 class=\"tcr-infobox-title\">Szakmai tapasztalataim<\/h6>\r\n\t\t\t\t<\/div>\r\n\t\t\t<div class=\"tcr-infobox-text\">1982-t\u0151l 2023-ig a munkahelyem az egri Markhot Ferenc K\u00f3rh\u00e1z F\u00fcl-Orr-G\u00e9g\u00e9szeti Oszt\u00e1lya volt. \n2007 \u00f3ta a Demax hall\u00e1scentrum orvosa vagyok (3300 Eger T\u00f6rv\u00e9nyh\u00e1z \u00fat 11,  0636 414-652, 2016 \u00f3ta Gy\u00f6ngy\u00f6s Hanisz t\u00e9r 4.).<\/div>\r\n\t\t\t<div class=\"tcr-infobox-bottom d-flex\">\r\n\t\t\t<\/div>\r\n<\/div>\r\n\t\t<\/div>\r\n\t\t\t\t\t\t<\/div>\n\t\t\t\t<\/div>\n\t\t\t\t\t<\/div>\n\t\t<\/div>\n\t\t\t\t\t<\/div>\n\t\t<\/section>\n\t\t\t\t\t<\/div>\n\t\t<\/div>\n\t\t\t\t\t<\/div>\n\t\t<\/section>\n\t\t\t\t<section class=\"elementor-section elementor-top-section elementor-element elementor-element-7d86b034 elementor-section-stretched tcr-bg-color-primary elementor-section-boxed elementor-section-height-default elementor-section-height-default\" data-id=\"7d86b034\" data-element_type=\"section\" data-e-type=\"section\" data-settings=\"{&quot;stretch_section&quot;:&quot;section-stretched&quot;}\">\n\t\t\t\t\t\t<div class=\"elementor-container elementor-column-gap-default\">\n\t\t\t\t\t<div class=\"elementor-column elementor-col-25 elementor-top-column elementor-element elementor-element-6f2e539 tcr-bg-color-transparent\" data-id=\"6f2e539\" data-element_type=\"column\" data-e-type=\"column\">\n\t\t\t<div class=\"elementor-widget-wrap elementor-element-populated\">\n\t\t\t\t\t\t<div class=\"elementor-element elementor-element-3b4101b3 elementor-widget elementor-widget-tcr-counter\" data-id=\"3b4101b3\" data-element_type=\"widget\" data-e-type=\"widget\" data-widget_type=\"tcr-counter.default\">\n\t\t\t\t<div class=\"elementor-widget-container\">\n\t\t\t\t\t\t\t<div class=\"tcr_counter_wrapper tcr-counter-1445735332 counter-style-1\">\r\n\t\t\t\t<div class=\"tcr-counter-wrapper\">\r\n\t\t\t\t\t\t\t<div class=\"tcr-counter-icon\"><i aria-hidden=\"true\" class=\"flaticon flaticon-volunteer\"><\/i><\/div>\r\n\t\t\t\t\t\t\t<div class=\"tcr-counter-content-container\">\r\n\t\t\t<div class=\"tcr-counter-number\">40<\/div>\r\n\t\t\t\t\t\t\t<div class=\"tcr-counter-title\">\u00e9v tapasztalat<\/div>\r\n\t\t\t\t\t\t<\/div>\r\n\t<\/div>\r\n\t\t\t<\/div>\r\n\t\t\t\t\t\t<\/div>\n\t\t\t\t<\/div>\n\t\t\t\t\t<\/div>\n\t\t<\/div>\n\t\t\t\t<div class=\"elementor-column elementor-col-25 elementor-top-column elementor-element elementor-element-58fc72e4 tcr-bg-color-transparent\" data-id=\"58fc72e4\" data-element_type=\"column\" data-e-type=\"column\">\n\t\t\t<div class=\"elementor-widget-wrap elementor-element-populated\">\n\t\t\t\t\t\t<div class=\"elementor-element elementor-element-ae98203 elementor-widget elementor-widget-tcr-counter\" data-id=\"ae98203\" data-element_type=\"widget\" data-e-type=\"widget\" data-widget_type=\"tcr-counter.default\">\n\t\t\t\t<div class=\"elementor-widget-container\">\n\t\t\t\t\t\t\t<div class=\"tcr_counter_wrapper tcr-counter-412902652 counter-style-1\">\r\n\t\t\t\t<div class=\"tcr-counter-wrapper\">\r\n\t\t\t\t\t\t\t<div class=\"tcr-counter-icon\"><i aria-hidden=\"true\" class=\"flaticon flaticon-healthcare\"><\/i><\/div>\r\n\t\t\t\t\t\t\t<div class=\"tcr-counter-content-container\">\r\n\t\t\t<div class=\"tcr-counter-number\">1000<\/div>\r\n\t\t\t\t\t\t\t<div class=\"tcr-counter-title\">t\u00f6bb ezer paciens<\/div>\r\n\t\t\t\t\t\t<\/div>\r\n\t<\/div>\r\n\t\t\t<\/div>\r\n\t\t\t\t\t\t<\/div>\n\t\t\t\t<\/div>\n\t\t\t\t\t<\/div>\n\t\t<\/div>\n\t\t\t\t<div class=\"elementor-column elementor-col-25 elementor-top-column elementor-element elementor-element-504519fd tcr-bg-color-transparent\" data-id=\"504519fd\" data-element_type=\"column\" data-e-type=\"column\">\n\t\t\t<div class=\"elementor-widget-wrap elementor-element-populated\">\n\t\t\t\t\t\t<div class=\"elementor-element elementor-element-26da1d43 elementor-widget elementor-widget-tcr-counter\" data-id=\"26da1d43\" data-element_type=\"widget\" data-e-type=\"widget\" data-widget_type=\"tcr-counter.default\">\n\t\t\t\t<div class=\"elementor-widget-container\">\n\t\t\t\t\t\t\t<div class=\"tcr_counter_wrapper tcr-counter-667289483 counter-style-1\">\r\n\t\t\t\t<div class=\"tcr-counter-wrapper\">\r\n\t\t\t\t\t\t\t<div class=\"tcr-counter-icon\"><i aria-hidden=\"true\" class=\"flaticon flaticon-thermometer\"><\/i><\/div>\r\n\t\t\t\t\t\t\t<div class=\"tcr-counter-content-container\">\r\n\t\t\t<div class=\"tcr-counter-number\">21<\/div>\r\n\t\t\t\t\t\t\t<div class=\"tcr-counter-title\">tudaom\u00e1nyos el\u0151ad\u00e1s<\/div>\r\n\t\t\t\t\t\t<\/div>\r\n\t<\/div>\r\n\t\t\t<\/div>\r\n\t\t\t\t\t\t<\/div>\n\t\t\t\t<\/div>\n\t\t\t\t\t<\/div>\n\t\t<\/div>\n\t\t\t\t<div class=\"elementor-column elementor-col-25 elementor-top-column elementor-element elementor-element-63d0f313 tcr-bg-color-transparent\" data-id=\"63d0f313\" data-element_type=\"column\" data-e-type=\"column\">\n\t\t\t<div class=\"elementor-widget-wrap elementor-element-populated\">\n\t\t\t\t\t\t<div class=\"elementor-element elementor-element-6d111cb4 elementor-widget elementor-widget-tcr-counter\" data-id=\"6d111cb4\" data-element_type=\"widget\" data-e-type=\"widget\" data-widget_type=\"tcr-counter.default\">\n\t\t\t\t<div class=\"elementor-widget-container\">\n\t\t\t\t\t\t\t<div class=\"tcr_counter_wrapper tcr-counter-253874800 counter-style-1\">\r\n\t\t\t\t<div class=\"tcr-counter-wrapper\">\r\n\t\t\t\t\t\t\t<div class=\"tcr-counter-icon\"><i aria-hidden=\"true\" class=\"flaticon flaticon-medical-1\"><\/i><\/div>\r\n\t\t\t\t\t\t\t<div class=\"tcr-counter-content-container\">\r\n\t\t\t<div class=\"tcr-counter-number\">3<\/div>\r\n\t\t\t\t\t\t\t<div class=\"tcr-counter-title\">rendel\u0151m van<\/div>\r\n\t\t\t\t\t\t<\/div>\r\n\t<\/div>\r\n\t\t\t<\/div>\r\n\t\t\t\t\t\t<\/div>\n\t\t\t\t<\/div>\n\t\t\t\t\t<\/div>\n\t\t<\/div>\n\t\t\t\t\t<\/div>\n\t\t<\/section>\n\t\t\t\t<section class=\"elementor-section elementor-top-section elementor-element elementor-element-67f55c2 elementor-section-stretched elementor-section-boxed elementor-section-height-default elementor-section-height-default tcr-bg-color-transparent\" data-id=\"67f55c2\" data-element_type=\"section\" data-e-type=\"section\" data-settings=\"{&quot;stretch_section&quot;:&quot;section-stretched&quot;}\">\n\t\t\t\t\t\t<div class=\"elementor-container elementor-column-gap-default\">\n\t\t\t\t\t<div class=\"elementor-column elementor-col-100 elementor-top-column elementor-element elementor-element-574a31c7 tcr-bg-color-transparent\" data-id=\"574a31c7\" data-element_type=\"column\" data-e-type=\"column\">\n\t\t\t<div class=\"elementor-widget-wrap elementor-element-populated\">\n\t\t\t\t\t\t<section class=\"elementor-section elementor-inner-section elementor-element elementor-element-389dca21 elementor-section-boxed elementor-section-height-default elementor-section-height-default tcr-bg-color-transparent\" data-id=\"389dca21\" data-element_type=\"section\" data-e-type=\"section\">\n\t\t\t\t\t\t<div class=\"elementor-container elementor-column-gap-default\">\n\t\t\t\t\t<div class=\"elementor-column elementor-col-50 elementor-inner-column elementor-element elementor-element-4ea75f64 tcr-bg-color-transparent\" data-id=\"4ea75f64\" data-element_type=\"column\" data-e-type=\"column\">\n\t\t\t<div class=\"elementor-widget-wrap elementor-element-populated\">\n\t\t\t\t\t\t<div class=\"elementor-element elementor-element-65c931dd elementor-widget elementor-widget-tcr-custom-heading\" data-id=\"65c931dd\" data-element_type=\"widget\" data-e-type=\"widget\" data-widget_type=\"tcr-custom-heading.default\">\n\t\t\t\t<div class=\"elementor-widget-container\">\n\t\t\t\t\t\t\t<div class=\"tcr_custom_heading_wrapper tcr-custom-heading1630823481 custom-heading-style-1 heading-alignment-left\">\r\n\t\t\t<div class=\"tcr-custom-heading-wrapper\">\r\n\t\t\t<div class=\"tcr-heading-subtitle-wrapper\">\r\n\t\t\t<h3 class=\"heading-subtitle subtitle-text-uppercase\">\r\n\t\t\t\tSZAKMA \u00c9S TUDOM\u00c1NY\t\t\t<\/h3>\r\n\t\t<\/div>\r\n\t\t\t\t<div class=\"tcr-heading-title-wrapper\">\r\n\t\t\t<h3 class=\"heading-title title-text-default\">\r\n\t\t\t\tTov\u00e1bbk\u00e9pz\u00e9seim, tudom\u00e1nyos tev\u00e9kenys\u00e9geim\t\t\t<\/h3>\r\n\t\t<\/div>\r\n\t\t<\/div>\r\n\t\t<\/div>\r\n\t\t\t\t\t\t<\/div>\n\t\t\t\t<\/div>\n\t\t\t\t\t<\/div>\n\t\t<\/div>\n\t\t\t\t<div class=\"elementor-column elementor-col-50 elementor-inner-column elementor-element elementor-element-6d3f1443 tcr-bg-color-transparent\" data-id=\"6d3f1443\" data-element_type=\"column\" data-e-type=\"column\">\n\t\t\t<div class=\"elementor-widget-wrap elementor-element-populated\">\n\t\t\t\t\t\t<div class=\"elementor-element elementor-element-851f29f elementor-widget elementor-widget-text-editor\" data-id=\"851f29f\" data-element_type=\"widget\" data-e-type=\"widget\" data-widget_type=\"text-editor.default\">\n\t\t\t\t<div class=\"elementor-widget-container\">\n\t\t\t\t\t\t\t\t\t<p>21 tudom\u00e1nyos el\u0151ad\u00e1st tartottam szerz\u0151k\u00e9nt, t\u00e1rszerz\u0151k\u00e9nt, ebb\u0151l 9-et el\u0151ad\u00f3k\u00e9nt.<\/p><p>K\u00f6telez\u0151 \u00e9s egy\u00e9ni tanfolyamok, tov\u00e1bbk\u00e9pz\u00e9sek vezet\u0151 hazai int\u00e9zm\u00e9nyekben szakma szerinti kongresszusokon val\u00f3 r\u00e9szv\u00e9tel.<\/p><p>A k\u00f3rh\u00e1z Rendel\u0151int\u00e9zet\u00e9ben, a feln\u0151tt f\u00fcl-orr-g\u00e9g\u00e9szeten rendelek heti k\u00e9t nap a szakrendel\u00e9sen is, az audiol\u00f3gia szakrendel\u00e9sen is dolgozom, ezen k\u00edv\u00fcl az oszt\u00e1lyos betegell\u00e1t\u00e1sban, m\u0171t\u0151i tev\u00e9kenys\u00e9gben vettem r\u00e9szt.<\/p>\t\t\t\t\t\t\t\t<\/div>\n\t\t\t\t<\/div>\n\t\t\t\t\t<\/div>\n\t\t<\/div>\n\t\t\t\t\t<\/div>\n\t\t<\/section>\n\t\t\t\t<section class=\"elementor-section elementor-inner-section elementor-element elementor-element-1ff1e623 elementor-section-boxed elementor-section-height-default elementor-section-height-default tcr-bg-color-transparent\" data-id=\"1ff1e623\" data-element_type=\"section\" data-e-type=\"section\">\n\t\t\t\t\t\t<div class=\"elementor-container elementor-column-gap-default\">\n\t\t\t\t\t<div class=\"elementor-column elementor-col-33 elementor-inner-column elementor-element elementor-element-568ba520 tcr-bg-color-transparent\" data-id=\"568ba520\" data-element_type=\"column\" data-e-type=\"column\">\n\t\t\t<div class=\"elementor-widget-wrap elementor-element-populated\">\n\t\t\t\t\t\t<div class=\"elementor-element elementor-element-47b9d25b elementor-widget elementor-widget-tcr-infobox\" data-id=\"47b9d25b\" data-element_type=\"widget\" data-e-type=\"widget\" data-widget_type=\"tcr-infobox.default\">\n\t\t\t\t<div class=\"elementor-widget-container\">\n\t\t\t\t\t\t\t<div class=\"tcr-elementor-widgettcr_infobox_wrapper infobox-style-2 tcr-infobox1787766545 icon-type-font\">\r\n\t\t\t<div class=\"tcr-infobox-wrapper\">\r\n\t<div class=\"tcr-infobox-icon\">\r\n\t\t<i aria-hidden=\"true\" class=\"flaticon flaticon-ear-6\"><\/i>\t<\/div>\r\n\t<div class=\"tcr-infobox-content\">\r\n\t\t\t<div class=\"tcr-infobox-title\">K\u00f6z\u00e9pf\u00fcl - K\u00fcls\u0151f\u00fcl<\/div>\r\n\t\t\t\t<div class=\"tcr-infobox-text\">Ha f\u00e1j a f\u00fcle, keressen fel valamelyik rendel\u0151mben!<\/div>\r\n\t\t\t<\/div>\r\n\t<\/div>\r\n\t\t<\/div>\r\n\t\t\t\t\t\t<\/div>\n\t\t\t\t<\/div>\n\t\t\t\t\t<\/div>\n\t\t<\/div>\n\t\t\t\t<div class=\"elementor-column elementor-col-33 elementor-inner-column elementor-element elementor-element-23052586 tcr-bg-color-transparent\" data-id=\"23052586\" data-element_type=\"column\" data-e-type=\"column\">\n\t\t\t<div class=\"elementor-widget-wrap elementor-element-populated\">\n\t\t\t\t\t\t<div class=\"elementor-element elementor-element-7ecc7960 elementor-widget elementor-widget-tcr-infobox\" data-id=\"7ecc7960\" data-element_type=\"widget\" data-e-type=\"widget\" data-widget_type=\"tcr-infobox.default\">\n\t\t\t\t<div class=\"elementor-widget-container\">\n\t\t\t\t\t\t\t<div class=\"tcr-elementor-widgettcr_infobox_wrapper infobox-style-2 tcr-infobox2010049056 icon-type-font\">\r\n\t\t\t<div class=\"tcr-infobox-wrapper\">\r\n\t<div class=\"tcr-infobox-icon\">\r\n\t\t<i aria-hidden=\"true\" class=\"flaticon flaticon-pharynx\"><\/i>\t<\/div>\r\n\t<div class=\"tcr-infobox-content\">\r\n\t\t\t<div class=\"tcr-infobox-title\">Orrpolip<\/div>\r\n\t\t\t\t<div class=\"tcr-infobox-text\">Orrj\u00e1rat elv\u00e1ltoz\u00e1s, orrpolip kezel\u00e9ssel is foglalkozom.<\/div>\r\n\t\t\t<\/div>\r\n\t<\/div>\r\n\t\t<\/div>\r\n\t\t\t\t\t\t<\/div>\n\t\t\t\t<\/div>\n\t\t\t\t\t<\/div>\n\t\t<\/div>\n\t\t\t\t<div class=\"elementor-column elementor-col-33 elementor-inner-column elementor-element elementor-element-192abeb8 tcr-bg-color-transparent\" data-id=\"192abeb8\" data-element_type=\"column\" data-e-type=\"column\">\n\t\t\t<div class=\"elementor-widget-wrap elementor-element-populated\">\n\t\t\t\t\t\t<div class=\"elementor-element elementor-element-20c221a0 elementor-widget elementor-widget-tcr-infobox\" data-id=\"20c221a0\" data-element_type=\"widget\" data-e-type=\"widget\" data-widget_type=\"tcr-infobox.default\">\n\t\t\t\t<div class=\"elementor-widget-container\">\n\t\t\t\t\t\t\t<div class=\"tcr-elementor-widgettcr_infobox_wrapper infobox-style-2 tcr-infobox1139332747 icon-type-font\">\r\n\t\t\t<div class=\"tcr-infobox-wrapper\">\r\n\t<div class=\"tcr-infobox-icon\">\r\n\t\t<i aria-hidden=\"true\" class=\"flaticon flaticon-sore-throat-2\"><\/i>\t<\/div>\r\n\t<div class=\"tcr-infobox-content\">\r\n\t\t\t<div class=\"tcr-infobox-title\">Torokf\u00e1j\u00e1s<\/div>\r\n\t\t\t\t<div class=\"tcr-infobox-text\">Sz\u00e1j\u00fcregi, garat \u00e9s g\u00e9ge vizsg\u00e1lat, daganatsz\u0171r\u00e9s.<\/div>\r\n\t\t\t<\/div>\r\n\t<\/div>\r\n\t\t<\/div>\r\n\t\t\t\t\t\t<\/div>\n\t\t\t\t<\/div>\n\t\t\t\t\t<\/div>\n\t\t<\/div>\n\t\t\t\t\t<\/div>\n\t\t<\/section>\n\t\t\t\t<section class=\"elementor-section elementor-inner-section elementor-element elementor-element-751ec23f elementor-section-boxed elementor-section-height-default elementor-section-height-default tcr-bg-color-transparent\" data-id=\"751ec23f\" data-element_type=\"section\" data-e-type=\"section\">\n\t\t\t\t\t\t<div class=\"elementor-container elementor-column-gap-default\">\n\t\t\t\t\t<div class=\"elementor-column elementor-col-33 elementor-inner-column elementor-element elementor-element-7aa49aa tcr-bg-color-transparent\" data-id=\"7aa49aa\" data-element_type=\"column\" data-e-type=\"column\">\n\t\t\t<div class=\"elementor-widget-wrap elementor-element-populated\">\n\t\t\t\t\t\t<div class=\"elementor-element elementor-element-5076eef elementor-widget elementor-widget-tcr-infobox\" data-id=\"5076eef\" data-element_type=\"widget\" data-e-type=\"widget\" data-widget_type=\"tcr-infobox.default\">\n\t\t\t\t<div class=\"elementor-widget-container\">\n\t\t\t\t\t\t\t<div class=\"tcr-elementor-widgettcr_infobox_wrapper infobox-style-2 tcr-infobox812551540 icon-type-font\">\r\n\t\t\t<div class=\"tcr-infobox-wrapper\">\r\n\t<div class=\"tcr-infobox-icon\">\r\n\t\t<i aria-hidden=\"true\" class=\"flaticon flaticon-earache\"><\/i>\t<\/div>\r\n\t<div class=\"tcr-infobox-content\">\r\n\t\t\t<div class=\"tcr-infobox-title\">Hall\u00e1s \u00e9s egyens\u00faly<\/div>\r\n\t\t\t\t<div class=\"tcr-infobox-text\">Egyens\u00falyzavar, f\u00fclz\u00fag\u00e1s, hall\u00e1sprobl\u00e9ma.<\/div>\r\n\t\t\t<\/div>\r\n\t<\/div>\r\n\t\t<\/div>\r\n\t\t\t\t\t\t<\/div>\n\t\t\t\t<\/div>\n\t\t\t\t\t<\/div>\n\t\t<\/div>\n\t\t\t\t<div class=\"elementor-column elementor-col-33 elementor-inner-column elementor-element elementor-element-3777cdab tcr-bg-color-transparent\" data-id=\"3777cdab\" data-element_type=\"column\" data-e-type=\"column\">\n\t\t\t<div class=\"elementor-widget-wrap elementor-element-populated\">\n\t\t\t\t\t\t<div class=\"elementor-element elementor-element-67743d3b elementor-widget elementor-widget-tcr-infobox\" data-id=\"67743d3b\" data-element_type=\"widget\" data-e-type=\"widget\" data-widget_type=\"tcr-infobox.default\">\n\t\t\t\t<div class=\"elementor-widget-container\">\n\t\t\t\t\t\t\t<div class=\"tcr-elementor-widgettcr_infobox_wrapper infobox-style-2 tcr-infobox1651871384 icon-type-font\">\r\n\t\t\t<div class=\"tcr-infobox-wrapper\">\r\n\t<div class=\"tcr-infobox-icon\">\r\n\t\t<i aria-hidden=\"true\" class=\"flaticon flaticon-nose-4\"><\/i>\t<\/div>\r\n\t<div class=\"tcr-infobox-content\">\r\n\t\t\t<div class=\"tcr-infobox-title\">Orr\u00fcreg<\/div>\r\n\t\t\t\t<div class=\"tcr-infobox-text\">Orrs\u00f6v\u00e9ny ferd\u00fcl\u00e9s, orrdugul\u00e1s, leveg\u0151v\u00e9teli probl\u00e9m\u00e1k-<\/div>\r\n\t\t\t<\/div>\r\n\t<\/div>\r\n\t\t<\/div>\r\n\t\t\t\t\t\t<\/div>\n\t\t\t\t<\/div>\n\t\t\t\t\t<\/div>\n\t\t<\/div>\n\t\t\t\t<div class=\"elementor-column elementor-col-33 elementor-inner-column elementor-element elementor-element-2a57b034 tcr-bg-color-transparent\" data-id=\"2a57b034\" data-element_type=\"column\" data-e-type=\"column\">\n\t\t\t<div class=\"elementor-widget-wrap elementor-element-populated\">\n\t\t\t\t\t\t<div class=\"elementor-element elementor-element-2f15dc5e elementor-widget elementor-widget-tcr-infobox\" data-id=\"2f15dc5e\" data-element_type=\"widget\" data-e-type=\"widget\" data-widget_type=\"tcr-infobox.default\">\n\t\t\t\t<div class=\"elementor-widget-container\">\n\t\t\t\t\t\t\t<div class=\"tcr-elementor-widgettcr_infobox_wrapper infobox-style-2 tcr-infobox822767388 icon-type-font\">\r\n\t\t\t<div class=\"tcr-infobox-wrapper\">\r\n\t<div class=\"tcr-infobox-icon\">\r\n\t\t<i aria-hidden=\"true\" class=\"flaticon flaticon-allergy\"><\/i>\t<\/div>\r\n\t<div class=\"tcr-infobox-content\">\r\n\t\t\t<div class=\"tcr-infobox-title\">Allergia<\/div>\r\n\t\t\t\t<div class=\"tcr-infobox-text\">Allergi\u00e1s panaszok kezel\u00e9se.<\/div>\r\n\t\t\t<\/div>\r\n\t<\/div>\r\n\t\t<\/div>\r\n\t\t\t\t\t\t<\/div>\n\t\t\t\t<\/div>\n\t\t\t\t\t<\/div>\n\t\t<\/div>\n\t\t\t\t\t<\/div>\n\t\t<\/section>\n\t\t\t\t\t<\/div>\n\t\t<\/div>\n\t\t\t\t\t<\/div>\n\t\t<\/section>\n\t\t\t\t<\/div>\n\t\t","protected":false},"excerpt":{"rendered":"<p>R\u00f3lam Dr. Szab\u00f3 Zsuzsanna Dr. Szab\u00f3 Zsuzsanna f\u00fcl-orr-g\u00e9g\u00e9sz szakorvos vagyok, az Oto-Gyne Med Bt. \u00fcgyvezet\u0151je. Egerben tal\u00e1lhat\u00f3 f\u00fcl-orr-g\u00e9g\u00e9szeti mag\u00e1nrendel\u0151mben v\u00e1rom pacienseimet. Tanulm\u00e1nyaim 1982-ben v\u00e9geztem a Debreceni Orvostudom\u00e1nyi Egyetem \u00c1ltal\u00e1nos Orvosi Kar\u00e1n. 1986-ban tettem szakvizsg\u00e1t f\u00fcl-orr-g\u00e9gegy\u00f3gy\u00e1szatb\u00f3l, 2000-ben audiol\u00f3gi\u00e1b\u00f3l r\u00e1\u00e9pitett szakvizsg\u00e1t szereztem. Szakmai tapasztalataim 1982-t\u0151l 2023-ig a munkahelyem az egri Markhot Ferenc K\u00f3rh\u00e1z F\u00fcl-Orr-G\u00e9g\u00e9szeti Oszt\u00e1lya volt. 2007 [&hellip;]<\/p>\n","protected":false},"author":1,"featured_media":0,"parent":0,"menu_order":0,"comment_status":"closed","ping_status":"closed","template":"elementor_header_footer","meta":{"footnotes":""},"class_list":["post-2089","page","type-page","status-publish","hentry","without-image"],"_links":{"self":[{"href":"https:\/\/fulorrgegeszeteger.hu\/index.php?rest_route=\/wp\/v2\/pages\/2089","targetHints":{"allow":["GET"]}}],"collection":[{"href":"https:\/\/fulorrgegeszeteger.hu\/index.php?rest_route=\/wp\/v2\/pages"}],"about":[{"href":"https:\/\/fulorrgegeszeteger.hu\/index.php?rest_route=\/wp\/v2\/types\/page"}],"author":[{"embeddable":true,"href":"https:\/\/fulorrgegeszeteger.hu\/index.php?rest_route=\/wp\/v2\/users\/1"}],"replies":[{"embeddable":true,"href":"https:\/\/fulorrgegeszeteger.hu\/index.php?rest_route=%2Fwp%2Fv2%2Fcomments&post=2089"}],"version-history":[{"count":20,"href":"https:\/\/fulorrgegeszeteger.hu\/index.php?rest_route=\/wp\/v2\/pages\/2089\/revisions"}],"predecessor-version":[{"id":6403,"href":"https:\/\/fulorrgegeszeteger.hu\/index.php?rest_route=\/wp\/v2\/pages\/2089\/revisions\/6403"}],"wp:attachment":[{"href":"https:\/\/fulorrgegeszeteger.hu\/index.php?rest_route=%2Fwp%2Fv2%2Fmedia&parent=2089"}],"curies":[{"name":"wp","href":"https:\/\/api.w.org\/{rel}","templated":true}]}}